{"id":2387,"date":"2017-09-06T11:12:35","date_gmt":"2017-09-06T11:12:35","guid":{"rendered":"http:\/\/demos.pixelatethemes.com\/consultpluslst\/?page_id=38"},"modified":"2025-01-19T13:12:47","modified_gmt":"2025-01-19T10:12:47","slug":"all-service","status":"publish","type":"page","link":"http:\/\/informdanismanlik.com\/?page_id=2387","title":{"rendered":"Dan\u0131\u015fmanl\u0131k"},"content":{"rendered":"<p>[vc_row parallax=&#8221;content-moving&#8221; el_class=&#8221;service_area&#8221;][vc_column el_class=&#8221;section_title&#8221;][vc_custom_heading text=&#8221;Dan\u0131\u015fmanl\u0131k verdi\u011fimiz konular&#8221; google_fonts=&#8221;&#8221;][vc_custom_heading text=&#8221;INFORM Dan\u0131\u015fmanl\u0131k ve E\u011fitim d\u00fcnyan\u0131n ve \u00fclkemizin \u00f6nde gelen kurulu\u015flar\u0131 ile i\u015fbirli\u011fi yaparak, t\u00fcm sekt\u00f6rlerdeki-organizasyonlara Y\u00f6netim Sistemleri ve Uluslararas\u0131 Standartlara uyumu konusunda dan\u0131\u015fmanl\u0131k ve e\u011fitim hizmetleri veren ve \u201ctek elden \u00e7\u00f6z\u00fcm sunan\u201d lider bir kurulu\u015ftur.&#8221;<\/p>\n<h2>S\u00fcrd\u00fcr\u00fclebilirlik alan\u0131nda d\u00fcnyada kabul g\u00f6rm\u00fc\u015f s\u00fcrd\u00fcr\u00fclebilirlik yakla\u015f\u0131mlar\u0131n\u0131 i\u015f d\u00fcnyas\u0131na entegre ediyoruz.<\/h2>\n<p>G\u00fcn\u00fcm\u00fczdeki b\u00fcy\u00fcme ve kalk\u0131nman\u0131n, gelecek ku\u015faklar\u0131n ya\u015famlar\u0131n\u0131 ve kaynaklar\u0131n\u0131 tehlikeye atmayan bir yakla\u015f\u0131m\u00a0 ile d\u00fczenlenmesi i\u00e7in i\u015f d\u00fcnyas\u0131na \u00f6nemli g\u00f6revler d\u00fc\u015fmektedir.<\/p>\n<p><strong><em>S\u00fcrd\u00fcr\u00fclebilirlik Y\u00f6netimi<\/em><\/strong><\/p>\n<p><strong><em>\u00c7evresel ve Sosyal De\u011ferlendirme<\/em><\/strong><\/p>\n<p><strong><em>Teknik Dan\u0131\u015fmanl\u0131k<\/em><\/strong><\/p>\n<p><strong><em>\u0130klim De\u011fi\u015fikli\u011fi Y\u00f6netimi<\/em><\/strong><\/p>\n<p><strong><em>Karbon Dan\u0131\u015fmanl\u0131\u011f\u0131<\/em><\/strong><\/p>\n<p><strong><em>\u00c7evresel ve Sosyal Risk Y\u00f6netimi<\/em><\/strong><strong><em>Finansal Kurumlar \u0130\u00e7in Yat\u0131r\u0131m \u0130zle<\/em><\/strong><\/p>\n<p><strong><em>Yenilenebilir Enerji ve Enerji Verimlili\u011fi Dan\u0131\u015fmanl\u0131\u011f\u0131<\/em><\/strong><\/p>\n<p>Firmalar\u0131n ve payda\u015flar\u0131n\u0131n (yat\u0131r\u0131mc\u0131lar, t\u00fcketiciler, \u00e7al\u0131\u015fanlar, toplum, vb.) birlikte kazand\u0131\u011f\u0131; S\u00fcrd\u00fcr\u00fclebilir \u0130\u015f Yap\u0131\u015f \u015eeklinin benimsendi\u011fi; Kazan \u2013 Kazan D\u00f6ng\u00fcs\u00fcn\u00fcn olu\u015fturuldu\u011fu yarat\u0131c\u0131 \u00e7\u00f6z\u00fcmlerdir bizim i\u015fimiz &#8230;<\/p>\n<p>font_container=&#8221;tag:p|text_align:left&#8221; google_fonts=&#8221;&#8221; subtitle_color=&#8221;#0f0bed&#8221;][\/vc_column][vc_column][consultplus_our_services layout=&#8221;our_servies&#8221; categoriesname=&#8221;Hizmetler&#8221; column=&#8221;4&#8243; number=&#8221;15&#8243;][\/vc_column][\/vc_row]<\/p>\n","protected":false},"excerpt":{"rendered":"<p>[vc_row parallax=&#8221;content-moving&#8221; el_class=&#8221;service_area&#8221;][vc_column el_class=&#8221;section_title&#8221;][vc_custom_heading text=&#8221;Dan\u0131\u015fmanl\u0131k verdi\u011fimiz konular&#8221; google_fonts=&#8221;&#8221;][vc_custom_heading text=&#8221;INFORM Dan\u0131\u015fmanl\u0131k ve E\u011fitim d\u00fcnyan\u0131n ve \u00fclkemizin \u00f6nde gelen kurulu\u015flar\u0131 ile i\u015fbirli\u011fi yaparak, t\u00fcm sekt\u00f6rlerdeki-organizasyonlara Y\u00f6netim Sistemleri ve Uluslararas\u0131 Standartlara uyumu konusunda dan\u0131\u015fmanl\u0131k ve e\u011fitim hizmetleri veren ve \u201ctek elden \u00e7\u00f6z\u00fcm sunan\u201d lider bir kurulu\u015ftur.&#8221; S\u00fcrd\u00fcr\u00fclebilirlik alan\u0131nda d\u00fcnyada kabul g\u00f6rm\u00fc\u015f s\u00fcrd\u00fcr\u00fclebilirlik yakla\u015f\u0131mlar\u0131n\u0131 i\u015f d\u00fcnyas\u0131na entegre ediyoruz. G\u00fcn\u00fcm\u00fczdeki<\/p>\n","protected":false},"author":1,"featured_media":2901,"parent":0,"menu_order":0,"comment_status":"closed","ping_status":"closed","template":"","meta":{"footnotes":""},"_links":{"self":[{"href":"http:\/\/informdanismanlik.com\/index.php?rest_route=\/wp\/v2\/pages\/2387"}],"collection":[{"href":"http:\/\/informdanismanlik.com\/index.php?rest_route=\/wp\/v2\/pages"}],"about":[{"href":"http:\/\/informdanismanlik.com\/index.php?rest_route=\/wp\/v2\/types\/page"}],"author":[{"embeddable":true,"href":"http:\/\/informdanismanlik.com\/index.php?rest_route=\/wp\/v2\/users\/1"}],"replies":[{"embeddable":true,"href":"http:\/\/informdanismanlik.com\/index.php?rest_route=%2Fwp%2Fv2%2Fcomments&post=2387"}],"version-history":[{"count":21,"href":"http:\/\/informdanismanlik.com\/index.php?rest_route=\/wp\/v2\/pages\/2387\/revisions"}],"predecessor-version":[{"id":4226,"href":"http:\/\/informdanismanlik.com\/index.php?rest_route=\/wp\/v2\/pages\/2387\/revisions\/4226"}],"wp:featuredmedia":[{"embeddable":true,"href":"http:\/\/informdanismanlik.com\/index.php?rest_route=\/wp\/v2\/media\/2901"}],"wp:attachment":[{"href":"http:\/\/informdanismanlik.com\/index.php?rest_route=%2Fwp%2Fv2%2Fmedia&parent=2387"}],"curies":[{"name":"wp","href":"https:\/\/api.w.org\/{rel}","templated":true}]}}