{"id":2394,"date":"2017-09-06T11:16:20","date_gmt":"2017-09-06T11:16:20","guid":{"rendered":"http:\/\/demos.pixelatethemes.com\/consultpluslst\/?page_id=58"},"modified":"2020-05-30T19:00:31","modified_gmt":"2020-05-30T16:00:31","slug":"contact-5","status":"publish","type":"page","link":"http:\/\/informdanismanlik.com\/?page_id=2394","title":{"rendered":"\u0130leti\u015fim"},"content":{"rendered":"<p>[vc_row el_class=&#8221;contact_us_area&#8221;][vc_column][vc_row_inner el_class=&#8221;contact_us_inner&#8221;][vc_column_inner el_class=&#8221;section_title&#8221;][vc_column_text]<\/p>\n<h2>HER KONUDA B\u0130LG\u0130 ALMAK \u0130\u00c7\u0130N A\u015eA\u011eIDAK\u0130 \u0130LET\u0130\u015e\u0130M KANALLARINI KULLANAB\u0130L\u0130RS\u0130N\u0130Z.<\/h2>\n<p>[\/vc_column_text][\/vc_column_inner][vc_column_inner el_class=&#8221;width_100&#8243; width=&#8221;2\/3&#8243;]\n<div class=\"wpcf7 no-js\" id=\"wpcf7-f302-o1\" lang=\"en-US\" dir=\"ltr\">\n<div class=\"screen-reader-response\"><p role=\"status\" aria-live=\"polite\" aria-atomic=\"true\"><\/p> <ul><\/ul><\/div>\n<form action=\"\/index.php?rest_route=%2Fwp%2Fv2%2Fpages%2F2394#wpcf7-f302-o1\" method=\"post\" class=\"wpcf7-form init\" aria-label=\"Contact form\" novalidate=\"novalidate\" data-status=\"init\">\n<div style=\"display: none;\">\n<input type=\"hidden\" name=\"_wpcf7\" value=\"302\" \/>\n<input type=\"hidden\" name=\"_wpcf7_version\" value=\"5.7.7\" \/>\n<input type=\"hidden\" name=\"_wpcf7_locale\" value=\"en_US\" \/>\n<input type=\"hidden\" name=\"_wpcf7_unit_tag\" value=\"wpcf7-f302-o1\" \/>\n<input type=\"hidden\" name=\"_wpcf7_container_post\" value=\"0\" \/>\n<input type=\"hidden\" name=\"_wpcf7_posted_data_hash\" value=\"\" \/>\n<\/div>\n<div class=\"contact_us_form\">\n\t<div class=\"form-group col-md-12\">\n\t\t<p><span class=\"wpcf7-form-control-wrap\" data-name=\"your-name\"><input size=\"40\" class=\"wpcf7-form-control wpcf7-text wpcf7-validates-as-required form-control\" aria-required=\"true\" aria-invalid=\"false\" placeholder=\"Name\" value=\"\" type=\"text\" name=\"your-name\" \/><\/span>\n\t\t<\/p>\n\t<\/div>\n\t<div class=\"form-group col-md-12\">\n\t\t<p><span class=\"wpcf7-form-control-wrap\" data-name=\"your-email\"><input size=\"40\" class=\"wpcf7-form-control wpcf7-text wpcf7-email wpcf7-validates-as-required wpcf7-validates-as-email form-control\" aria-required=\"true\" aria-invalid=\"false\" placeholder=\"Email\" value=\"\" type=\"email\" name=\"your-email\" \/><\/span>\n\t\t<\/p>\n\t<\/div>\n\t<div class=\"form-group col-md-12\">\n\t\t<p><span class=\"wpcf7-form-control-wrap\" data-name=\"your-subject\"><input size=\"40\" class=\"wpcf7-form-control wpcf7-text wpcf7-validates-as-required form-control\" aria-required=\"true\" aria-invalid=\"false\" placeholder=\"Subject\" value=\"\" type=\"text\" name=\"your-subject\" \/><\/span>\n\t\t<\/p>\n\t<\/div>\n\t<div class=\"form-group col-md-12\">\n\t\t<p><span class=\"wpcf7-form-control-wrap\" data-name=\"your-message\"><textarea cols=\"40\" rows=\"10\" class=\"wpcf7-form-control wpcf7-textarea form-control\" aria-invalid=\"false\" placeholder=\"Message\" name=\"your-message\"><\/textarea><\/span>\n\t\t<\/p>\n\t<\/div>\n\t<div class=\"form-group col-md-12\">\n\t\t<p><button type=\"submit\" value=\"submit\" class=\"btn green_submit_btn form-control\">submit now<\/button>\n\t\t<\/p>\n\t<\/div>\n<\/div><div class=\"wpcf7-response-output\" aria-hidden=\"true\"><\/div>\n<\/form>\n<\/div>\n[\/vc_column_inner][vc_column_inner el_class=&#8221;width_100&#8243; width=&#8221;1\/3&#8243;][vc_column_text]<\/p>\n<div class=\"our_about_image\"><img loading=\"lazy\" decoding=\"async\" class=\"alignnone size-medium wp-image-2485\" src=\"http:\/\/informdanismanlik.com\/wp-content\/uploads\/2018\/10\/shutterstock_796565992-1-200x300-200x300.jpg\" alt=\"\" width=\"400\" height=\"600\" \/><\/div>\n<p>[\/vc_column_text][\/vc_column_inner][\/vc_row_inner][\/vc_column][vc_column el_class=&#8221;contact_us_details&#8221;][consultplus_contact_widget address=&#8221;Merkez : R\u0131dvan Pa\u015fa Sok. No :16-18\/9 G\u00f6ztepe &#8211; \u0130stanbul&#8221; email1=&#8221;bilgi@informdanismanlik.com&#8221; email2=&#8221;&#8221; phone1=&#8221;0532 781 4262\u00a0 \u00a0 \u00a0 \u00a0 \u00a0 \u00a0 \u00a0ve\u00a0 0530 820 6507&#8243; phone2=&#8221;&#8221;][\/vc_column][\/vc_row][vc_row full_width=&#8221;stretch_row_content_no_spaces&#8221;][vc_column][vc_gmaps link=&#8221;#E-8_JTNDaWZyYW1lJTIwc3JjJTNEJTIyaHR0cHMlM0ElMkYlMkZ3d3cuZ29vZ2xlLmNvbSUyRm1hcHMlMkZlbWJlZCUzRnBiJTNEJTIxMW0xOCUyMTFtMTIlMjExbTMlMjExZDMwMTEuMzc4MjAyNzAzNzI3OCUyMTJkMjkuMDk3NTMzMDE1ODE2MjI1JTIxM2Q0MC45OTUwOTQ1NzkzMDIxNCUyMTJtMyUyMTFmMCUyMTJmMCUyMTNmMCUyMTNtMiUyMTFpMTAyNCUyMTJpNzY4JTIxNGYxMy4xJTIxM20zJTIxMW0yJTIxMXMweDE0Y2FjNjI5Njg0YWRiZGQlMjUzQTB4M2JjM2UzNWU1ODE2YzJmNCUyMTJzRGVsdXhpYSUyQlBhbGFjZSUyMTVlMCUyMTNtMiUyMTFzdHIlMjEyc3RyJTIxNHYxNTQwNTQxNDAwNjQ2JTIyJTIwd2lkdGglM0QlMjI2MDAlMjIlMjBoZWlnaHQlM0QlMjI0NTAlMjIlMjBmcmFtZWJvcmRlciUzRCUyMjAlMjIlMjBzdHlsZSUzRCUyMmJvcmRlciUzQTAlMjIlMjBhbGxvd2Z1bGxzY3JlZW4lM0UlM0MlMkZpZnJhbWUlM0U=&#8221; size=&#8221;440px&#8221;][\/vc_column][\/vc_row]<\/p>\n","protected":false},"excerpt":{"rendered":"<p>[vc_row el_class=&#8221;contact_us_area&#8221;][vc_column][vc_row_inner el_class=&#8221;contact_us_inner&#8221;][vc_column_inner el_class=&#8221;section_title&#8221;][vc_column_text] HER KONUDA B\u0130LG\u0130 ALMAK \u0130\u00c7\u0130N A\u015eA\u011eIDAK\u0130 \u0130LET\u0130\u015e\u0130M KANALLARINI KULLANAB\u0130L\u0130RS\u0130N\u0130Z. [\/vc_column_text][\/vc_column_inner][vc_column_inner el_class=&#8221;width_100&#8243; width=&#8221;2\/3&#8243;][\/vc_column_inner][vc_column_inner el_class=&#8221;width_100&#8243; width=&#8221;1\/3&#8243;][vc_column_text] [\/vc_column_text][\/vc_column_inner][\/vc_row_inner][\/vc_column][vc_column el_class=&#8221;contact_us_details&#8221;][consultplus_contact_widget address=&#8221;Merkez : R\u0131dvan Pa\u015fa Sok. No :16-18\/9 G\u00f6ztepe &#8211; \u0130stanbul&#8221; email1=&#8221;bilgi@informdanismanlik.com&#8221; email2=&#8221;&#8221; phone1=&#8221;0532 781 4262\u00a0 \u00a0 \u00a0 \u00a0 \u00a0 \u00a0 \u00a0ve\u00a0 0530 820 6507&#8243; phone2=&#8221;&#8221;][\/vc_column][\/vc_row][vc_row full_width=&#8221;stretch_row_content_no_spaces&#8221;][vc_column][vc_gmaps link=&#8221;#E-8_JTNDaWZyYW1lJTIwc3JjJTNEJTIyaHR0cHMlM0ElMkYlMkZ3d3cuZ29vZ2xlLmNvbSUyRm1hcHMlMkZlbWJlZCUzRnBiJTNEJTIxMW0xOCUyMTFtMTIlMjExbTMlMjExZDMwMTEuMzc4MjAyNzAzNzI3OCUyMTJkMjkuMDk3NTMzMDE1ODE2MjI1JTIxM2Q0MC45OTUwOTQ1NzkzMDIxNCUyMTJtMyUyMTFmMCUyMTJmMCUyMTNmMCUyMTNtMiUyMTFpMTAyNCUyMTJpNzY4JTIxNGYxMy4xJTIxM20zJTIxMW0yJTIxMXMweDE0Y2FjNjI5Njg0YWRiZGQlMjUzQTB4M2JjM2UzNWU1ODE2YzJmNCUyMTJzRGVsdXhpYSUyQlBhbGFjZSUyMTVlMCUyMTNtMiUyMTFzdHIlMjEyc3RyJTIxNHYxNTQwNTQxNDAwNjQ2JTIyJTIwd2lkdGglM0QlMjI2MDAlMjIlMjBoZWlnaHQlM0QlMjI0NTAlMjIlMjBmcmFtZWJvcmRlciUzRCUyMjAlMjIlMjBzdHlsZSUzRCUyMmJvcmRlciUzQTAlMjIlMjBhbGxvd2Z1bGxzY3JlZW4lM0UlM0MlMkZpZnJhbWUlM0U=&#8221; size=&#8221;440px&#8221;][\/vc_column][\/vc_row]<\/p>\n","protected":false},"author":1,"featured_media":0,"parent":0,"menu_order":0,"comment_status":"closed","ping_status":"closed","template":"","meta":{"footnotes":""},"_links":{"self":[{"href":"http:\/\/informdanismanlik.com\/index.php?rest_route=\/wp\/v2\/pages\/2394"}],"collection":[{"href":"http:\/\/informdanismanlik.com\/index.php?rest_route=\/wp\/v2\/pages"}],"about":[{"href":"http:\/\/informdanismanlik.com\/index.php?rest_route=\/wp\/v2\/types\/page"}],"author":[{"embeddable":true,"href":"http:\/\/informdanismanlik.com\/index.php?rest_route=\/wp\/v2\/users\/1"}],"replies":[{"embeddable":true,"href":"http:\/\/informdanismanlik.com\/index.php?rest_route=%2Fwp%2Fv2%2Fcomments&post=2394"}],"version-history":[{"count":7,"href":"http:\/\/informdanismanlik.com\/index.php?rest_route=\/wp\/v2\/pages\/2394\/revisions"}],"predecessor-version":[{"id":2750,"href":"http:\/\/informdanismanlik.com\/index.php?rest_route=\/wp\/v2\/pages\/2394\/revisions\/2750"}],"wp:attachment":[{"href":"http:\/\/informdanismanlik.com\/index.php?rest_route=%2Fwp%2Fv2%2Fmedia&parent=2394"}],"curies":[{"name":"wp","href":"https:\/\/api.w.org\/{rel}","templated":true}]}}