{"id":2403,"date":"2017-09-13T06:25:08","date_gmt":"2017-09-13T03:25:08","guid":{"rendered":"http:\/\/demos.pixelatethemes.com\/consultpluslst\/?page_id=215"},"modified":"2026-03-28T16:04:12","modified_gmt":"2026-03-28T13:04:12","slug":"home-2-2","status":"publish","type":"page","link":"http:\/\/informdanismanlik.com\/","title":{"rendered":""},"content":{"rendered":"<p>[vc_row][vc_column][vc_column_text]<\/p>\n<h2>\u00a0<\/h2>\n<h2><strong><img loading=\"lazy\" decoding=\"async\" class=\"wp-image-3900 aligncenter\" src=\"http:\/\/informdanismanlik.com\/wp-content\/uploads\/2024\/02\/surudurlebilirlik-web-resim-300x89.png\" alt=\"\" width=\"878\" height=\"260\" srcset=\"http:\/\/informdanismanlik.com\/wp-content\/uploads\/2024\/02\/surudurlebilirlik-web-resim-300x89.png 300w, http:\/\/informdanismanlik.com\/wp-content\/uploads\/2024\/02\/surudurlebilirlik-web-resim-1024x304.png 1024w, http:\/\/informdanismanlik.com\/wp-content\/uploads\/2024\/02\/surudurlebilirlik-web-resim-768x228.png 768w, http:\/\/informdanismanlik.com\/wp-content\/uploads\/2024\/02\/surudurlebilirlik-web-resim.png 1200w\" sizes=\"(max-width: 878px) 100vw, 878px\" \/>\u00a0 \u00a0 \u00a0 \u00a0 \u00a0\u00a0<\/strong><\/h2>\n<h3><strong>NEDEN B\u0130Z?<\/strong><\/h3>\n<p style=\"text-align: left;\">\u0130\u015fletmelere, e\u011fitim, dan\u0131\u015fmanl\u0131k ve tetkiklerle g\u00fc\u00e7 sa\u011flayan yenilik\u00e7i bir kurumuz. Teoriyi deneyimle birle\u015ftiren e\u011fitmen, dan\u0131\u015fman ve tetkik\u00e7iler ile d\u00fcnya standartlar\u0131nda e\u011fitimlerle ger\u00e7ek vakalar \u00fczerinden, sertifikal\u0131 e\u011fitim, dan\u0131\u015fmanl\u0131k ve tetkik programlar\u0131yla firman\u0131za de\u011fer kat\u0131yoruz.<br \/><br \/>INFORM Dan\u0131\u015fmanl\u0131k ve E\u011fitim\u2018den e\u011fitim alman\u0131n en b\u00fcy\u00fck ve en \u00f6nemli avantaj\u0131 temel teorik bilginin yan\u0131nda a\u011f\u0131rl\u0131kl\u0131 olarak ger\u00e7ek i\u015f d\u00fcnyas\u0131 deneyimlerinin ve uygulamalar\u0131n\u0131n payla\u015f\u0131l\u0131yor olmas\u0131. <strong>\u00d6zellikle,<\/strong><strong>\u00a0<\/strong>verilen \u00f6rneklerin ve e\u011fitimlerde incelenen vakalar\u0131n D\u00fcnya ile birlikte T\u00fcrkiye\u2019den \u00f6rnekleri de i\u00e7ermesi \u00f6\u011fretilenlerin kat\u0131l\u0131mc\u0131lar taraf\u0131ndan i\u00e7selle\u015ftirilmesi a\u00e7\u0131s\u0131ndan b\u00fcy\u00fck \u00f6nem ta\u015f\u0131yor.<br \/><br \/>E\u011fitmen, dan\u0131\u015fman ve tetkik\u00e7i gurubumuz hem akademik bilgi birikimine, hem de uzun y\u0131llar i\u015f hayat\u0131 tecr\u00fcbesine sahip e\u011fitmen ve profesyonellerden olu\u015fmaktad\u0131r.<br \/><br \/>E\u011fitim Programlar\u0131, ger\u00e7ek i\u015f d\u00fcnyas\u0131ndan \u00f6rnekler ve deneyimler sunuyor.. E\u011fitmenlerden kat\u0131l\u0131mc\u0131lara, kat\u0131l\u0131mc\u0131lardan hem e\u011fitmene hem de di\u011fer kat\u0131l\u0131mc\u0131lara s\u00fcrekli deneyim payla\u015f\u0131m\u0131n\u0131 aktif tutuluyor ve e\u011fitimler interaktif olarak \u00e7al\u0131\u015ftay modunda s\u00fcrd\u00fcr\u00fcl\u00fcyor.<br \/><br \/>T\u00fcm e\u011fitimlerde\u00a0Yetenek Bazl\u0131 \u00d6\u011frenim\u00a0Metodu\u00a0uygulan\u0131yor. \u00d6\u011frenimi kolayla\u015ft\u0131racak \u015fekilde dizayn edilen e\u011fitimlerde hedef, bilgi payla\u015f\u0131m\u0131n \u00f6tesinde beceri ve yetkinlik kazand\u0131rmak. Bilginin bu kadar kolay ula\u015f\u0131ld\u0131\u011f\u0131 g\u00fcn\u00fcm\u00fczde\u00a0INFORM \u2018un amac\u0131, bunun bir ad\u0131m \u00f6tesine ge\u00e7erek kat\u0131l\u0131mc\u0131lar\u0131n\u0131 ba\u015far\u0131l\u0131 profesyoneller olmalar\u0131 yolunda rehberlik etmek.<br \/><br \/>T\u00fcm e\u011fitimlerimizde kat\u0131l\u0131mc\u0131lar\u0131n ger\u00e7ek i\u015f d\u00fcnyas\u0131 problemleri ile kar\u015f\u0131 kar\u015f\u0131ya gelece\u011fi\u00a0<strong>Pratik Deneyimler<\/strong>\u00a0 aktar\u0131l\u0131yor. Pratik deneyimler ile kat\u0131l\u0131mc\u0131lar e\u011fitimlerde aktar\u0131lan bilgileri tecr\u00fcbe etme imkan\u0131 buluyor, tecr\u00fcbe ediyor ve nas\u0131l daha iyi \u00a0sonu\u00e7lar alabileceklerine dair e\u011fitmenlerinden geri bildirimler al\u0131yor.<br \/><br \/><strong>H\u0131zland\u0131r\u0131lm\u0131\u015f \u00f6\u011frenme teknikleri ve interaktif bir e\u011fitim modeli sunuyoruz.<\/strong><br \/><br \/>\u0130NFORM Dan\u0131\u015fmanl\u0131k ve E\u011fitim\u2019de yeni nesil \u00f6\u011frenim prensipleri kullan\u0131larak kat\u0131l\u0131mc\u0131lar\u0131n \u00f6\u011frendikleri yeni bilgileri beceriye d\u00f6n\u00fc\u015ft\u00fcr\u00fcp kal\u0131c\u0131 kalmas\u0131n\u0131 destekleyecek ara\u00e7lar ve y\u00f6ntemler \/ modeller kullan\u0131lmaktad\u0131r.<br \/><br \/>Aksiyon esasl\u0131 \u00f6\u011frenme gruplar\u0131 kurularak gruptan \u00f6\u011frenme modeli ile etkile\u015fimin ve payla\u015f\u0131mlar\u0131n artmas\u0131, \u00f6\u011frenme maksimizasyonunu desteklemektedir.<\/p>\n<p>\u00a0<\/p>\n\n\n<figure class=\"wp-block-image size-large\"><img loading=\"lazy\" decoding=\"async\" width=\"683\" height=\"1024\" src=\"http:\/\/informdanismanlik.com\/wp-content\/uploads\/2026\/03\/Nisan-egitim-takvimi-683x1024.png\" alt=\"\" class=\"wp-image-4840\" srcset=\"http:\/\/informdanismanlik.com\/wp-content\/uploads\/2026\/03\/Nisan-egitim-takvimi-683x1024.png 683w, http:\/\/informdanismanlik.com\/wp-content\/uploads\/2026\/03\/Nisan-egitim-takvimi-200x300.png 200w, http:\/\/informdanismanlik.com\/wp-content\/uploads\/2026\/03\/Nisan-egitim-takvimi-768x1152.png 768w, http:\/\/informdanismanlik.com\/wp-content\/uploads\/2026\/03\/Nisan-egitim-takvimi.png 1024w\" sizes=\"(max-width: 683px) 100vw, 683px\" \/><\/figure>\n","protected":false},"excerpt":{"rendered":"<p>[vc_row][vc_column][vc_column_text] \u00a0 \u00a0 \u00a0 \u00a0 \u00a0 \u00a0\u00a0 NEDEN B\u0130Z? \u0130\u015fletmelere, e\u011fitim, dan\u0131\u015fmanl\u0131k ve tetkiklerle g\u00fc\u00e7 sa\u011flayan yenilik\u00e7i bir kurumuz. Teoriyi deneyimle birle\u015ftiren e\u011fitmen, dan\u0131\u015fman ve tetkik\u00e7iler ile d\u00fcnya standartlar\u0131nda e\u011fitimlerle ger\u00e7ek vakalar \u00fczerinden, sertifikal\u0131 e\u011fitim, dan\u0131\u015fmanl\u0131k ve tetkik programlar\u0131yla firman\u0131za de\u011fer kat\u0131yoruz. INFORM Dan\u0131\u015fmanl\u0131k ve E\u011fitim\u2018den e\u011fitim alman\u0131n en b\u00fcy\u00fck ve en \u00f6nemli avantaj\u0131 temel<\/p>\n","protected":false},"author":1,"featured_media":3062,"parent":0,"menu_order":0,"comment_status":"closed","ping_status":"closed","template":"","meta":{"footnotes":""},"_links":{"self":[{"href":"http:\/\/informdanismanlik.com\/index.php?rest_route=\/wp\/v2\/pages\/2403"}],"collection":[{"href":"http:\/\/informdanismanlik.com\/index.php?rest_route=\/wp\/v2\/pages"}],"about":[{"href":"http:\/\/informdanismanlik.com\/index.php?rest_route=\/wp\/v2\/types\/page"}],"author":[{"embeddable":true,"href":"http:\/\/informdanismanlik.com\/index.php?rest_route=\/wp\/v2\/users\/1"}],"replies":[{"embeddable":true,"href":"http:\/\/informdanismanlik.com\/index.php?rest_route=%2Fwp%2Fv2%2Fcomments&post=2403"}],"version-history":[{"count":416,"href":"http:\/\/informdanismanlik.com\/index.php?rest_route=\/wp\/v2\/pages\/2403\/revisions"}],"predecessor-version":[{"id":4842,"href":"http:\/\/informdanismanlik.com\/index.php?rest_route=\/wp\/v2\/pages\/2403\/revisions\/4842"}],"wp:featuredmedia":[{"embeddable":true,"href":"http:\/\/informdanismanlik.com\/index.php?rest_route=\/wp\/v2\/media\/3062"}],"wp:attachment":[{"href":"http:\/\/informdanismanlik.com\/index.php?rest_route=%2Fwp%2Fv2%2Fmedia&parent=2403"}],"curies":[{"name":"wp","href":"https:\/\/api.w.org\/{rel}","templated":true}]}}