{"id":2599,"date":"2018-12-09T17:38:26","date_gmt":"2018-12-09T14:38:26","guid":{"rendered":"http:\/\/informdanismanlik.com\/?page_id=2599"},"modified":"2024-03-23T17:33:38","modified_gmt":"2024-03-23T14:33:38","slug":"cevre-teknolojileri","status":"publish","type":"page","link":"http:\/\/informdanismanlik.com\/?page_id=2599","title":{"rendered":"\u00c7evre Teknolojileri"},"content":{"rendered":"<div class=\"wp-block-image\">\n<figure class=\"aligncenter size-large\"><img loading=\"lazy\" decoding=\"async\" width=\"1024\" height=\"563\" src=\"http:\/\/informdanismanlik.com\/wp-content\/uploads\/2024\/02\/cevre-tech-1024x563.jpg\" alt=\"\" class=\"wp-image-3926\" srcset=\"http:\/\/informdanismanlik.com\/wp-content\/uploads\/2024\/02\/cevre-tech-1024x563.jpg 1024w, http:\/\/informdanismanlik.com\/wp-content\/uploads\/2024\/02\/cevre-tech-300x165.jpg 300w, http:\/\/informdanismanlik.com\/wp-content\/uploads\/2024\/02\/cevre-tech-768x422.jpg 768w, http:\/\/informdanismanlik.com\/wp-content\/uploads\/2024\/02\/cevre-tech.jpg 1280w\" sizes=\"(max-width: 1024px) 100vw, 1024px\" \/><\/figure><\/div>\n\n<p style=\"margin: 6.0pt 0cm 6.0pt 0cm;\"><span style=\"font-size: 10.0pt; font-family: 'Arial','sans-serif'; color: #222222;\">Su, at\u0131k su ve kat\u0131 at\u0131k y\u00f6netimindeki ihtiya\u00e7 duydu\u011funuz deste\u011fi verirken, sadece en uygun de\u011fil en ekonomik \u00e7\u00f6z\u00fcm\u00fc de geli\u015ftirir ve sunar\u0131z.<\/span><\/p>\n<p style=\"margin: 6.0pt 0cm 6.0pt 0cm;\"><span style=\"font-size: 10.0pt; font-family: 'Arial','sans-serif'; color: #222222;\">T\u00fcm \u00e7evre m\u00fchendisli\u011fi uygulamalar\u0131 alanlar\u0131nda, a\u011f\u0131rl\u0131kl\u0131 olarak evsel ve end\u00fcstriyel at\u0131ksu ar\u0131t\u0131m\u0131, su ar\u0131t\u0131m\u0131 konular\u0131nda tesislerin tasar\u0131m\u0131 ve i\u015fletilmeleri dahil olmak \u00fczere anahtar teslimi yap\u0131mlar\u0131n\u0131 \u00fcstlenmek konular\u0131nda faaliyet g\u00f6stermekteyiz.<\/span><\/p>\n<p><b><i>Ar\u0131tma tesisi altyap\u0131lar\u0131n\u0131n denetlenmesi, ar\u0131tma performans\u0131n\u0131z\u0131n de\u011ferlendirilmesi ve geli\u015ftirilmesi ile ilgili personelin bu konulardaki hizmet i\u00e7i e\u011fitimini de i\u00e7eren at\u0131ksu y\u00f6netim sistemi \u00e7al\u0131\u015fmalar\u0131m\u0131z\u00a0 devam etmektedir&#8230;<\/i><\/b><\/p>\n<p style=\"font-weight: 400;\">INFORM, \u00e7evre teknolojileri konusunda uzman deneyimli personeli ile, ulusal ve uluslar aras\u0131 standartlara g\u00f6re projelendirme, i\u015fletmecilik, ve dan\u0131\u015fmanl\u0131k \u00e7al\u0131\u015fmalar\u0131n\u0131 da y\u00fcr\u00fctmektedir.<\/p>\n<p style=\"font-weight: 400;\"><strong>\u00a0\u00a0\u00a0 \u0130\u015fletmecilik, Proje ve Dan\u0131\u015fmanl\u0131k Hizmetlerimiz<\/strong><\/p>\n<ol style=\"font-weight: 400;\">\n<li>\u0130\u00e7me ve kullanma suyu\u00a0 ar\u0131tma sistemleri\u00a0 (Revizyon, \u0130\u015fletme ve Bak\u0131m)<\/li>\n<li>At\u0131ksu Ar\u0131tma Sistemleri\u00a0 (Revizyon, \u0130\u015fletme ve Bak\u0131m)<\/li>\n<\/ol>\n<ul style=\"font-weight: 400;\">\n<li>End\u00fcstriyel At\u0131ksu Ar\u0131tma Sistemleri\u00a0 (Revizyon, \u0130\u015fletme ve Bak\u0131m)<\/li>\n<li>Evsel At\u0131ksu Ar\u0131tma Sistemleri\u00a0 (Revizyon, \u0130\u015fletme ve Bak\u0131m)<\/li>\n<li>Kentsel At\u0131ksu Ar\u0131tma Sistemleri\u00a0 (Revizyon, \u0130\u015fletme ve Bak\u0131m)<\/li>\n<li>Projelendirme hizmetleri<\/li>\n<li>\u0130n\u015faat i\u015fleri dan\u0131\u015fmanl\u0131\u011f\u0131<\/li>\n<li>Mekanik &amp; Elektrik montaj i\u015flemleri dan\u0131\u015fmanl\u0131\u011f\u0131<\/li>\n<li>Bak\u0131m-onar\u0131m i\u015flemleri<\/li>\n<li>Performans testleri ve devreye alma hizmetleri<\/li>\n<li>Tesis i\u015fletmecilik ve dan\u0131\u015fmanl\u0131k hizmetleri<\/li>\n<li>Laboratuvar analizleri, Su ve at\u0131ksu kalite de\u011ferleri kontrol\u00fc<\/li>\n<li>Su ve at\u0131ksu kalite de\u011ferleri \u00e7\u00f6z\u00fcmleri<\/li>\n<li>Ar\u0131tma Tesisi \u0130\u015fletme Dan\u0131\u015fmanl\u0131\u011f\u0131\n<p style=\"font-weight: 400;\">INFORM, \u00e7evre teknolojileri konusunda uzman deneyimli personeli ile, ulusal ve uluslar aras\u0131 standartlara g\u00f6re projelendirme, i\u015fletmecilik, ve dan\u0131\u015fmanl\u0131k \u00e7al\u0131\u015fmalar\u0131n\u0131 y\u00fcr\u00fctmektedir.<\/p>\n<p style=\"font-weight: 400;\"><strong>\u00a0\u00a0\u00a0 \u0130\u015fletmecilik, Proje ve Dan\u0131\u015fmanl\u0131k Hizmetlerimiz<\/strong><\/p>\n<ul>\n<li>\n<p style=\"font-weight: 400;\">INFORM, \u00e7evre teknolojileri konusunda uzman deneyimli personeli ile, ulusal ve uluslar aras\u0131 standartlara g\u00f6re projelendirme, i\u015fletmecilik, ve dan\u0131\u015fmanl\u0131k \u00e7al\u0131\u015fmalar\u0131n\u0131 y\u00fcr\u00fctmektedir.<\/p>\n<p style=\"font-weight: 400;\"><strong>\u00a0\u00a0\u00a0 \u0130\u015fletmecilik, Proje ve Dan\u0131\u015fmanl\u0131k Hizmetlerimiz<\/strong><\/p>\n<ol style=\"font-weight: 400;\">\n<li>\u0130\u00e7me ve kullanma suyu\u00a0 ar\u0131tma sistemleri\u00a0 (Revizyon, \u0130\u015fletme ve Bak\u0131m)<\/li>\n<li>At\u0131ksu Ar\u0131tma Sistemleri\u00a0 (Revizyon, \u0130\u015fletme ve Bak\u0131m)<\/li>\n<li>End\u00fcstriyel At\u0131ksu Ar\u0131tma Sistemleri\u00a0 (Revizyon, \u0130\u015fletme ve Bak\u0131m)\n<ul style=\"font-weight: 400;\">\n<li>Evsel At\u0131ksu Ar\u0131tma Sistemleri\u00a0 (Revizyon, \u0130\u015fletme ve Bak\u0131m)<\/li>\n<li>Kentsel At\u0131ksu Ar\u0131tma Sistemleri\u00a0 (Revizyon, \u0130\u015fletme ve Bak\u0131m)<\/li>\n<\/ul>\n<ul style=\"font-weight: 400;\">\n<li>Projelendirme hizmetleri<\/li>\n<li>\u0130n\u015faat i\u015fleri dan\u0131\u015fmanl\u0131\u011f\u0131<\/li>\n<li>Mekanik &amp; Elektrik montaj i\u015flemleri dan\u0131\u015fmanl\u0131\u011f\u0131<\/li>\n<li>Bak\u0131m-onar\u0131m i\u015flemleri<\/li>\n<li>Performans testleri ve devreye alma hizmetleri<\/li>\n<li>Tesis i\u015fletmecilik ve dan\u0131\u015fmanl\u0131k hizmetleri<\/li>\n<li>Laboratuvar analizleri, Su ve at\u0131ksu kalite de\u011ferleri kontrol\u00fc<\/li>\n<li>Su ve at\u0131ksu kalite de\u011ferleri \u00e7\u00f6z\u00fcmleri<\/li>\n<li>Ar\u0131tma Tesisi \u0130\u015fletme Dan\u0131\u015fmanl\u0131\u011f\u0131<\/li>\n<\/ul>\n<\/li>\n<li>Tehlikeli At\u0131klar\u0131n Y\u00f6netimi \/ Genel At\u0131k Y\u00f6netimi<\/li>\n<li>At\u0131k Y\u00f6netim Plan\u0131, Tehlikeli At\u0131k Kontrolu ve Bertaraf\u0131 \u00e7\u00f6z\u00fcmleri<\/li>\n<li>At\u0131ksu Ar\u0131tma Tesisi yat\u0131r\u0131mlar\u0131nda fizibilite proses-ekipman se\u00e7imi ve \u015fartname haz\u0131rlanmas\u0131 konusunda \u00c7evre M\u00fc\u015favirli\u011fi<\/li>\n<li>\u00c7evre yat\u0131r\u0131mlar\u0131nda kontroll\u00fck hizmeti<\/li>\n<li>\u00c7evre yat\u0131r\u0131mlar\u0131nda kapasite art\u0131\u015f\u0131, proses de\u011fi\u015fikli\u011fi, bak\u0131m ya da onar\u0131m konular\u0131nda \u00c7evre M\u00fc\u015favirli\u011fi<\/li>\n<li>De\u015farj, Emisyon \u0130zinleri<\/li>\n<li>Yasal mevzuata uygun At\u0131ksu Ar\u0131tma ve \u00d6nlem Tesisi Proje<\/li>\n<li>\u00c7amur susuzla\u015ft\u0131rma tesisleri yat\u0131r\u0131m dan\u0131\u015fmanl\u0131\u011f\u0131<\/li>\n<\/ol>\n<\/li>\n<\/ul>\n<\/li>\n<\/ul>","protected":false},"excerpt":{"rendered":"<p>Su, at\u0131k su ve kat\u0131 at\u0131k y\u00f6netimindeki ihtiya\u00e7 duydu\u011funuz deste\u011fi verirken, sadece en uygun de\u011fil en ekonomik \u00e7\u00f6z\u00fcm\u00fc de geli\u015ftirir ve sunar\u0131z. T\u00fcm \u00e7evre m\u00fchendisli\u011fi uygulamalar\u0131 alanlar\u0131nda, a\u011f\u0131rl\u0131kl\u0131 olarak evsel ve end\u00fcstriyel at\u0131ksu ar\u0131t\u0131m\u0131, su ar\u0131t\u0131m\u0131 konular\u0131nda tesislerin tasar\u0131m\u0131 ve i\u015fletilmeleri dahil olmak \u00fczere anahtar teslimi yap\u0131mlar\u0131n\u0131 \u00fcstlenmek konular\u0131nda faaliyet g\u00f6stermekteyiz. Ar\u0131tma tesisi altyap\u0131lar\u0131n\u0131n denetlenmesi,<\/p>\n","protected":false},"author":1,"featured_media":2640,"parent":0,"menu_order":0,"comment_status":"closed","ping_status":"closed","template":"","meta":{"footnotes":""},"_links":{"self":[{"href":"http:\/\/informdanismanlik.com\/index.php?rest_route=\/wp\/v2\/pages\/2599"}],"collection":[{"href":"http:\/\/informdanismanlik.com\/index.php?rest_route=\/wp\/v2\/pages"}],"about":[{"href":"http:\/\/informdanismanlik.com\/index.php?rest_route=\/wp\/v2\/types\/page"}],"author":[{"embeddable":true,"href":"http:\/\/informdanismanlik.com\/index.php?rest_route=\/wp\/v2\/users\/1"}],"replies":[{"embeddable":true,"href":"http:\/\/informdanismanlik.com\/index.php?rest_route=%2Fwp%2Fv2%2Fcomments&post=2599"}],"version-history":[{"count":9,"href":"http:\/\/informdanismanlik.com\/index.php?rest_route=\/wp\/v2\/pages\/2599\/revisions"}],"predecessor-version":[{"id":4094,"href":"http:\/\/informdanismanlik.com\/index.php?rest_route=\/wp\/v2\/pages\/2599\/revisions\/4094"}],"wp:featuredmedia":[{"embeddable":true,"href":"http:\/\/informdanismanlik.com\/index.php?rest_route=\/wp\/v2\/media\/2640"}],"wp:attachment":[{"href":"http:\/\/informdanismanlik.com\/index.php?rest_route=%2Fwp%2Fv2%2Fmedia&parent=2599"}],"curies":[{"name":"wp","href":"https:\/\/api.w.org\/{rel}","templated":true}]}}