{"id":2621,"date":"2018-12-09T18:16:00","date_gmt":"2018-12-09T15:16:00","guid":{"rendered":"http:\/\/informdanismanlik.com\/?page_id=2621"},"modified":"2018-12-09T18:16:00","modified_gmt":"2018-12-09T15:16:00","slug":"risk-yonetimi","status":"publish","type":"page","link":"http:\/\/informdanismanlik.com\/?page_id=2621","title":{"rendered":"Risk Y\u00f6netimi"},"content":{"rendered":"<p style=\"font-weight: 400;\"><strong>Risk Y\u00f6netimi Nedir?<\/strong><\/p>\n<p style=\"font-weight: 400;\">Risk y\u00f6netimi \u015firketin varl\u0131klar\u0131n\u0131n, gelirleri ve prestijinin korunmas\u0131 y\u00f6n\u00fcnde yap\u0131lan y\u00f6netim \u00e7al\u0131\u015fmalar\u0131d\u0131r. Risk y\u00f6netimi program\u0131n\u0131n ba\u015far\u0131s\u0131 risklerin firmaya olan maliyetinin zaman i\u00e7inde g\u00f6sterdi\u011fi d\u00fc\u015f\u00fc\u015f olarak \u00f6l\u00e7\u00fclmektedir. Buna ula\u015fman\u0131n bir yolu, kontrol tedbirleri etkili oldu\u011fu s\u00fcrece, bu tedbirleri uygulamak suretiyle kay\u0131plar\u0131n b\u00fcy\u00fckl\u00fc\u011f\u00fcn\u00fc ve s\u0131kl\u0131\u011f\u0131n\u0131 azaltmakt\u0131r. Bu uygulaman\u0131n ard\u0131ndan kalan riskler belirlenip de\u011ferlendirilir. \u015eirket bu risklerden acil \u00f6nlem al\u0131nmas\u0131 gerekenleri kar\u015f\u0131lama yoluna\u00a0 giderek,\u00a0 kar\u015f\u0131layamayaca\u011f\u0131 boyuttakini \u00fczerinde b\u0131rakmay\u0131 tercih edebilir ve di\u011ferlerinin etkilerini kontrol alt\u0131na alarak en efektif \u00e7\u00f6z\u00fcm yoluna gidilir.\u00a0<em>En iyi risk \u00f6nceden \u00f6nlenmi\u015f olan risktir.<\/em>\u00a0En ucuz ve etkin y\u00f6ntem, kay\u0131plar ger\u00e7ekle\u015fmeden \u00f6nce olas\u0131 risklerin tespiti, analizi ve m\u00fcmk\u00fcn olan en etkili kontrol y\u00f6ntemleri ile ortadan kald\u0131r\u0131lmas\u0131 veya kabul edilebilir limit alt\u0131na d\u00fc\u015f\u00fcr\u00fclmesidir.<\/p>\n<p style=\"font-weight: 400;\">Analizlerini yapt\u0131\u011f\u0131m\u0131z risk alanlar\u0131 \u015funlard\u0131r;<\/p>\n<p style=\"font-weight: 400;\">T\u00dcM \u0130\u015eLETME\/KES\u0130NT\u0130\/DURU\u015e ,PERSONEL ,MAK\u0130NA, \u00dcR\u00dcN PROSES\/S\u00dcRE\u00c7, \u00c7EVRE \u2013 \u0130\u015e SA\u011eLI\u011eI ve \u0130\u015e G\u00dcVENL\u0130\u011e\u0130<\/p>\n<p style=\"font-weight: 400;\">Risk tayin ve analizi i\u015f sa\u011fl\u0131\u011f\u0131-i\u015f<em>\u00a0<\/em>g\u00fcvenli\u011fi ve \u00e7evre y\u00f6netim sistemlerinin ilk ve zorunlu ad\u0131m\u0131d\u0131r. T\u00fcrkiye dahil bir\u00e7ok \u00fclkede risk tayin ve analizlerini yapt\u0131rmak ve uygulamak yasal bir zorunluktur. Risk analizi kay\u0131p \u00f6nleme ve koruma y\u00f6ntemlerinin ger\u00e7ek\u00e7i ve net bir \u015fekilde uygulanmas\u0131n\u0131 ve gereken iyile\u015ftirmelerin yap\u0131lmas\u0131n\u0131 sa\u011flar. \u00d6nleyici faaliyet geli\u015fim program\u0131 toplam kaza oranlar\u0131nda azalma ve \u00f6l\u00fcmc\u00fcl kazalar\u0131n ise ortadan kalkmas\u0131n\u0131 sa\u011flar.Risk analizi, kazalar sonucu \u00f6ng\u00f6r\u00fclemeyen a\u015f\u0131r\u0131 maliyet art\u0131\u015flar\u0131n\u0131 d\u00fc\u015f\u00fcrme ve optimimum seviyelere \u00e7ekmeyi sa\u011flar.<\/p>\n<p style=\"font-weight: 400;\"><strong>Risk Y\u00f6netiminin Tarih\u00e7esi<\/strong><\/p>\n<p style=\"font-weight: 400;\">End\u00fcstrinin geli\u015fimiyle beraber \u00e7al\u0131\u015fma alanlar\u0131nda makine, ekipman ve toksik madde kullan\u0131m\u0131 da artt\u0131. Bununla\u00a0 beraber \u00e7al\u0131\u015fanlar daha \u00f6nce duymad\u0131klar\u0131 sa\u011fl\u0131k ve g\u00fcvenlik riskleriyle kar\u015f\u0131 kar\u015f\u0131ya geldiler.\u00a0 O zamanlarda y\u00f6neticilerin ana amac\u0131n\u0131n karl\u0131l\u0131k olmas\u0131yla beraber say\u0131s\u0131z \u00e7al\u0131\u015fan sa\u011fl\u0131k ve g\u00fcvenlik \u00f6nlemlerinin yetersiz oldu\u011fu ko\u015fullarda \u00e7al\u0131\u015ft\u0131.<\/p>\n<p style=\"font-weight: 400;\">Kazalar, yaralanmalar ve \u00f6l\u00fcmler \u00e7o\u011funlukla raporlanmazken, sakatlanm\u0131\u015f veya yaralanm\u0131\u015f ki\u015filerin yaln\u0131zca g\u00f6revleri de\u011fi\u015ftiriliyordu. \u00d6len veya sakat kalm\u0131\u015f ki\u015filerin ailelerine tazminat \u00f6denmesi \u00e7ok nadirdi. Bu insanlar\u0131n ac\u0131lar\u0131 ve katland\u0131klar\u0131 bir i\u015fkenceye\u00a0 d\u00f6n\u00fc\u015fse de, bu konuda yard\u0131mc\u0131 olabilecek \u00e7ok net tan\u0131mlanm\u0131\u015f yasalar bulunmamaktayd\u0131.<\/p>\n<p style=\"font-weight: 400;\">1970 y\u0131l\u0131nda, Occupational Safety and Health Act (OSHA) kapsaml\u0131 olarak i\u015f\u00e7i sa\u011fl\u0131\u011f\u0131 ve i\u015f g\u00fcvenli\u011fi konusunda \u00e7al\u0131\u015fmalar\u0131 ger\u00e7ekle\u015ftirmek i\u00e7in kuruldu. Amac\u0131 \u201cm\u00fcmk\u00fcn oldu\u011funca\u00a0 t\u00fcm \u00e7al\u0131\u015fanlar\u0131n ulusal g\u00fcvenlik ve sa\u011fl\u0131k \u015fartlar\u0131nda \u00e7al\u0131\u015fmas\u0131 ve insan haklar\u0131n\u0131n korunmas\u0131\u201dd\u0131r. Ba\u015fka bir deyi\u015fle, OSHA i\u015fverenleri i\u015f sa\u011fl\u0131\u011f\u0131 ve i\u015f g\u00fcvenli\u011fi kurallar\u0131n\u0131 y\u00f6netim kapsam\u0131na\u00a0 almalar\u0131 i\u00e7in zorlam\u0131\u015ft\u0131r.<\/p>\n<p style=\"font-weight: 400;\">\u00dclkemizde i\u015f sa\u011fl\u0131\u011f\u0131 ve g\u00fcvenli\u011finin sa\u011flanmas\u0131 g\u00f6revi 1945 y\u0131l\u0131nda kurulan \u00c7al\u0131\u015fma ve Sosyal G\u00fcvenlik Bakanl\u0131\u011f\u0131 b\u00fcnyesinde \u0130\u015f\u00e7i Sa\u011fl\u0131\u011f\u0131 Genel M\u00fcd\u00fcrl\u00fc\u011f\u00fcne verilmi\u015ftir. 1983 y\u0131l\u0131nda denetim hizmetlerinin \u0130\u015f Tefti\u015f Kurulu Ba\u015fkanl\u0131\u011f\u0131\u2019na verilmesi \u00fczerine, Genel M\u00fcd\u00fcrl\u00fck, Daire Ba\u015fkanl\u0131\u011f\u0131na d\u00f6n\u00fc\u015ft\u00fcr\u00fclm\u00fc\u015ft\u00fcr. Verilen hizmetin niteli\u011finin y\u00fckseltilmesi ve etkinli\u011finin art\u0131r\u0131lmas\u0131 amac\u0131yla \u00c7al\u0131\u015fma Bakanl\u0131\u011f\u0131\u2019n\u0131n ana hizmet birimi olan \u0130\u015f\u00e7i Sa\u011fl\u0131\u011f\u0131 Daire Ba\u015fkanl\u0131\u011f\u0131, 04\/10\/2000 tarih ve 24190 m\u00fckerrer say\u0131l\u0131 Resmi Gazete\u2019de yay\u0131mlanan 618 say\u0131l\u0131 Kanun H\u00fckm\u00fcnde Kararname ile \u0130\u015f Sa\u011fl\u0131\u011f\u0131 ve G\u00fcvenli\u011fi Genel M\u00fcd\u00fcrl\u00fc\u011f\u00fc olarak yeniden te\u015fkilatland\u0131r\u0131lm\u0131\u015f ve yeni g\u00f6revlerle g\u00fc\u00e7lendirilmi\u015ftir.<\/p>\n<p style=\"font-weight: 400;\"><strong>Risk Y\u00f6netiminin Yararlar\u0131<\/strong><\/p>\n<p style=\"font-weight: 400;\">Risk Y\u00f6netiminin sa\u011flad\u0131\u011f\u0131 yararlar \u015funlard\u0131r:<\/p>\n<ul>\n<li style=\"font-weight: 400;\">T.C. \u00a0\u0130\u015f Kanununa g\u00f6re 50 ki\u015fiden fazla, 6 ay ve daha uzun s\u00fcreli istihdam sa\u011flayan i\u015f yerleri i\u00e7in zorunludur.<\/li>\n<li style=\"font-weight: 400;\">\u0130\u015fletmenin \u00fcretim devaml\u0131l\u0131\u011f\u0131n\u0131 sa\u011flamas\u0131 ve varl\u0131klar\u0131n\u0131n korumas\u0131 yolunda gerekli bir ad\u0131md\u0131r.<\/li>\n<li style=\"font-weight: 400;\">\u0130\u015fletmenin, kritik risklerinin sistemli olarak tan\u0131mlanmas\u0131n\u0131 sa\u011flar.<\/li>\n<li style=\"font-weight: 400;\">Risklerinmuhtemel finansal etkilerini de g\u00f6z \u00f6n\u00fcne al\u0131p entegre \u00e7\u00f6z\u00fcmlere i\u015fletmelerin verimlilik ve rekabet g\u00fc\u00e7lerini artt\u0131rarak, reel de\u011ferlerini artt\u0131rmas\u0131na yol a\u00e7ar.<\/li>\n<li style=\"font-weight: 400;\">Kontrol\u00a0ve\u00a0\u015feffafl\u0131k\u00a0sa\u011flayarak\u00a0ne oranda\u00a0risk\u00a0al\u0131nd\u0131\u011f\u0131n\u0131 belirler.<\/li>\n<li style=\"font-weight: 400;\">Gerekli risk kontrol mekanizmalar\u0131n\u0131 tespit edilece\u011finden, bu uygulamalar\u0131n hayata ge\u00e7irilmesine imkan sa\u011flar.<\/li>\n<li style=\"font-weight: 400;\">Kurumsalla\u015fmaya katk\u0131da bulunacak olan risk y\u00f6netimi modelinin geli\u015ftirilmesi i\u00e7in ilk ad\u0131md\u0131r.<\/li>\n<li style=\"font-weight: 400;\">Tesis \u00e7al\u0131\u015fanlar\u0131n olas\u0131 i\u015f kazalar\u0131ndan ve mesleki hastal\u0131klardan korunmas\u0131, i\u015f verimlili\u011fini beraberinde getirecektir.<\/li>\n<li style=\"font-weight: 400;\">\u00c7al\u0131\u015fanlar\u0131n sahip olaca\u011f\u0131 sa\u011fl\u0131k potansiyelinde art\u0131\u015f sa\u011flan\u0131r,<\/li>\n<li style=\"font-weight: 400;\">Toplu \u00fcretim yetene\u011finin niteli\u011fini ve niceli\u011fi geli\u015fir.<\/li>\n<\/ul>\n<p style=\"font-weight: 400;\">\n<p style=\"font-weight: 400;\"><strong>Risk Y\u00f6netimi Uygulama A\u015famalar\u0131:<\/strong><\/p>\n<p style=\"font-weight: 400;\">\u0130\u015f Sa\u011fl\u0131\u011f\u0131 ve G\u00fcvenli\u011fi Y\u00f6netim Sistemi altyap\u0131s\u0131n\u0131n olu\u015fturulmas\u0131na ili\u015fkin Kurumsal Risk Y\u00f6netimi hizmetlerini a\u015fa\u011f\u0131da belirtilen s\u0131rayla yerine getirilir.<\/p>\n<ol>\n<li style=\"font-weight: 400;\">a)\u00a0 Planlama ve \u00d6n \u0130nceleme : Risk Y\u00f6netimi s\u00fcrecinde\u00a0 yetkilerin ve yetki alan\u0131ndaki kaynaklar\u0131n neler oldu\u011funun tesbiti amac\u0131yla bir \u00f6n inceleme\u00a0 yap\u0131l\u0131r. \u00d6n inceleme sonu\u00e7lar\u0131 dikkate al\u0131narak\u00a0 eylem plan\u0131 olu\u015fturulur. Bu a\u015famada\u00a0 risklerin olu\u015fturaca\u011f\u0131 etkilerin, nas\u0131l tolere edilece\u011fi de plana dahil edilmektedir.<\/li>\n<li style=\"font-weight: 400;\">b) Risklerin Belirlenmesi : Planlaman\u0131n ard\u0131ndan riskleri belirleme s\u00fcrecine ge\u00e7ilir. Hedefler ile hedeflere gidecek\u00a0 yollar belirlenerek riskler tan\u0131mlan\u0131r.Kritik kontrol noktalar\u0131 belirlenerek ve bu noktalar\u0131n izlenebilmesi i\u00e7in \u00f6l\u00e7\u00fclebilir parametreler tesbit edilir. Planlardaki\u00a0 her faaliyet prosesler baz\u0131nda sorgulanmaktad\u0131r. Sorgulanmayan faaliyetlerdeki riskler, tehlikenin\u00a0 ortaya \u00e7\u0131kana kadar fark\u0131na var\u0131lmas\u0131n\u0131 engelleyece\u011fi i\u00e7in bu konuya \u00f6zel \u00f6nem g\u00f6sterilmektedir. Riskler tan\u0131mlanarak sonu\u00e7lar INFORM DANI\u015eMANLIK ve E\u011e\u0130T\u0130M taraf\u0131ndan raporlan\u0131r.Risk analizleri,\u00a0 i\u015fletmenin temel prosesleri ve ge\u00e7erli yasal mevzuat esas al\u0131narak haz\u0131rlan\u0131r.<\/li>\n<li style=\"font-weight: 400;\">c) Risklerin kurumun hedef ve stratejileri ile ili\u015fkilendirilmesi:\u00a0 Somut sonu\u00e7lar ortaya koyabilmek i\u00e7in riskler,\u00a0 i\u015fletmenin\u2019nin hedefleri ve stratejileri ile ili\u015fkilendirilir. Kurum\u00a0 risklerinin belirlenmesi ve de\u011ferlendirilmesi sa\u011flan\u0131r.<\/li>\n<li style=\"font-weight: 400;\">d) Analiz a\u015famas\u0131: Riskler, belirlendikten sonra nitel ve nicel analiz safhas\u0131 gelir. Risklerin ayr\u0131\u015ft\u0131r\u0131larak \u00f6nceliklerine g\u00f6re s\u0131ralanacak, \u015firket stratejilerine veya proje hedeflerine etkileri tan\u0131mlanarak, kritiklik seviyesi, y\u00fcksek risklerin de\u011ferlendirilmesi\u00a0 ger\u00e7ekle\u015ftirilir. \u0130nceleme ve de\u011ferlendirme sonucu ayr\u0131nt\u0131l\u0131 rapor olarak i\u015fletmeye iletilecektir.<\/li>\n<li style=\"font-weight: 400;\">e) Raporlama: Dok\u00fcmantasyon tamamland\u0131ktan sonra INFORM dan\u0131\u015fmanlar\u0131 taraf\u0131ndan do\u011fruluk, b\u00fct\u00fcnl\u00fck ve yeterlik a\u00e7\u0131s\u0131ndan g\u00f6zden ge\u00e7irilir, gerekli \u00f6neriler ve al\u0131nmas\u0131 gereken \u00f6nlemler belirtilerek i\u015fletme yetkililerine sunulur.<\/li>\n<li style=\"font-weight: 400;\">f) \u00a0E\u011fitim ve Dok\u00fcman Deste\u011fi<\/li>\n<\/ol>\n<ol style=\"font-weight: 400;\">\n<li>Talep edilmesi durumunda<strong>\u00a0INFORM DANI\u015eMANLIK ve E\u011e\u0130T\u0130M<\/strong>\u00a0taraf\u0131ndan,sorumlu ve \u00e7al\u0131\u015fanlara y\u00f6nelik \u0130\u015f sa\u011fl\u0131\u011f\u0131 ve i\u015f g\u00fcvenli\u011fi ile ilgili e\u011fitimler verilebilmektedir.<\/li>\n<li>E\u011fitimler, kat\u0131l\u0131mc\u0131 say\u0131s\u0131n\u0131n uygun olmas\u0131 ve<strong>\u00a0<\/strong>talep edilmesi halinde kurum b\u00fcnyesinde d\u00fczenlenebilir.<\/li>\n<li>Bu e\u011fitimlerin\u00a0 kapsam\u0131 risk analizi \u00e7al\u0131\u015fmas\u0131ndan elde edilecek bulgulara g\u00f6re, i\u015fletmeye \u00f6zel olarak d\u00fczenlenir.<\/li>\n<\/ol>\n<ul>\n<li style=\"font-weight: 400;\">\u00c7evre, \u0130\u015f sa\u011fl\u0131\u011f\u0131 ve \u0130\u015f G\u00fcvenli\u011fi Alan\u0131nda Kurulu\u015flar\u0131n Tabi Oldu\u011fu Yasal Mevzuat\u0131n Belirlenmesi ve Mevzuata Uyumun Sa\u011flanmas\u0131,<\/li>\n<li style=\"font-weight: 400;\">\u00c7evresel Boyutlar\u0131n Belirlenmesi,\u00a0 Risklerin Analizi, De\u011ferlendirilmesi ve Y\u00f6netimi,<\/li>\n<li style=\"font-weight: 400;\">ISO 14001 \u00c7evre Y\u00f6netim Sisteminin Kurulmas\u0131,<\/li>\n<li style=\"font-weight: 400;\">\u0130\u015f Sa\u011fl\u0131\u011f\u0131 ve \u0130\u015f G\u00fcvenli\u011fi Risklerinin Analizi, De\u011ferlendirilmesi ve Y\u00f6netimi,<\/li>\n<li style=\"font-weight: 400;\">OHSAS 18001 \u0130\u015f Sa\u011fl\u0131\u011f\u0131 ve G\u00fcvenli\u011fi Y\u00f6netim Sisteminin Kurulmas\u0131,<\/li>\n<li style=\"font-weight: 400;\">Dok\u00fcmanlar\u0131n Haz\u0131rlanmas\u0131,<\/li>\n<li style=\"font-weight: 400;\">Kazalar\u0131n ve Ucuz Atlat\u0131lm\u0131\u015f Kazalar\u0131n Ara\u015ft\u0131rmas\u0131, De\u011ferlendirmesi ve Raporlamas\u0131,<\/li>\n<li style=\"font-weight: 400;\">Projelerin \u00c7evre ve \u0130\u015f g\u00fcvenli\u011fi Risklerine Kar\u015f\u0131 Emniyet A\u00e7\u0131s\u0131ndan G\u00f6zden Ge\u00e7irilmesi,<\/li>\n<li style=\"font-weight: 400;\">Tesislerin Riskleri ile Sigorta De\u011ferlerinin Belirlenmesi,<\/li>\n<li style=\"font-weight: 400;\">Acil Durum Planlamas\u0131 ve Y\u00f6netimi,<\/li>\n<li style=\"font-weight: 400;\">Ta\u015feronlar\u0131n, Tedarik\u00e7i Personelin ve Ziyaret\u00e7ilerin Y\u00f6netimi,<\/li>\n<li style=\"font-weight: 400;\">\u0130\u015f \u0130zni Sistemlerinin Kurulmas\u0131 ve Uygulanmas\u0131<\/li>\n<li style=\"font-weight: 400;\">Genel Yang\u0131n Emniyeti<\/li>\n<li style=\"font-weight: 400;\">Tesis ve Depolarda Ate\u015f \/ K\u0131v\u0131lc\u0131m Yasa\u011f\u0131 Uygulamalar\u0131<\/li>\n<li style=\"font-weight: 400;\">Ki\u015fisel Koruyucu Ekipman (KKE) Kullan\u0131m\u0131<\/li>\n<li style=\"font-weight: 400;\">Ara\u00e7lar\u0131n Kullan\u0131m\u0131 ve \u0130lgili Kurallar<\/li>\n<li style=\"font-weight: 400;\">Ekipman ve Te\u00e7hizat\u0131n Kullan\u0131m\u0131<\/li>\n<li style=\"font-weight: 400;\">S\u0131k\u0131\u015ft\u0131r\u0131lm\u0131\u015f Gazlar\u0131n Depolanmas\u0131, \u0130\u015faretlenmesi ve Kullan\u0131m\u0131 (Azot, Hava, vs)<\/li>\n<li style=\"font-weight: 400;\">Y\u00fcksekte \u00c7al\u0131\u015fma Kurallar\u0131<\/li>\n<li style=\"font-weight: 400;\">Elektrik \u0130\u015flerinde Teknik Emniyet Kurallar\u0131<\/li>\n<li style=\"font-weight: 400;\">\u0130nsan G\u00fcc\u00fcyle Kald\u0131rma \u0130\u015fleri<\/li>\n<li style=\"font-weight: 400;\">S\u0131cak \u0130\u015fler ve Kaynak \u00c7al\u0131\u015fmalar\u0131<\/li>\n<li style=\"font-weight: 400;\">Depolama\u00a0ve Stoklama<\/li>\n<li style=\"font-weight: 400;\">\u0130kaz \u0130\u015faret ve Levhalar\u0131<\/li>\n<li style=\"font-weight: 400;\">\u00c7al\u0131\u015fma Ortam\u0131 D\u00fczeni<\/li>\n<li style=\"font-weight: 400;\">\u00dc\u00e7\u00fcnc\u00fc Ki\u015filerle \u0130li\u015fkiler<\/li>\n<li style=\"font-weight: 400;\">Makinelerin Emniyetli Kullan\u0131m Kurallar\u0131<\/li>\n<li style=\"font-weight: 400;\">Tehlikeli Maddelerin Y\u00f6netimi<\/li>\n<li style=\"font-weight: 400;\">LPG Sistemlerinin Dreyni, P\u00f6r\u00e7 edilmesi ve Havaland\u0131r\u0131lmas\u0131<\/li>\n<li style=\"font-weight: 400;\">Tesislerde Bak\u0131m\/Onar\u0131m faaliyetleri ile ilgili kurallar\u0131n belirlenmesi<\/li>\n<\/ul>\n<p style=\"font-weight: 400;\">konular\u0131nda dan\u0131\u015fmanl\u0131k, e\u011fitim ve tetkik hizmeti\u00a0 sa\u011flar.<\/p>\n<p style=\"font-weight: 400;\">Ayr\u0131ca;\u00a0 a\u015fa\u011f\u0131da belirtilen g\u00fcncel mevzuata uyum sa\u011flaman\u0131z i\u00e7in gereken dan\u0131\u015fmanl\u0131k ve e\u011fitim deste\u011fini sa\u011flar.<\/p>\n<p style=\"font-weight: 400;\"><strong>\u00a0<\/strong><\/p>\n<p style=\"font-weight: 400;\"><strong>\u00c7evre Mevzuat\u0131 Alan\u0131nda;<\/strong><\/p>\n<ul>\n<li style=\"font-weight: 400;\">Hava Kalitesinin Korunmas\u0131 Y\u00f6netmeli\u011fi<\/li>\n<li style=\"font-weight: 400;\">End\u00fcstriyel Kaynakl\u0131 Hava Kirlili\u011finin Kontrol\u00fc Y\u00f6netmeli\u011fi<\/li>\n<li style=\"font-weight: 400;\">Su Kirlili\u011fi Kontrol\u00fc Y\u00f6netmeli\u011fi<\/li>\n<li style=\"font-weight: 400;\">G\u00fcr\u00fclt\u00fc Y\u00f6netmeli\u011fi<\/li>\n<li style=\"font-weight: 400;\">\u00c7evresel G\u00fcr\u00fclt\u00fcn\u00fcn De\u011ferlendirilmesi ve Y\u00f6netimi Y\u00f6netmeli\u011fi<\/li>\n<li style=\"font-weight: 400;\">Titre\u015fim Y\u00f6netmeli\u011fi<\/li>\n<li style=\"font-weight: 400;\">Gayri S\u0131hhi M\u00fcesseseler Y\u00f6netmeli\u011fi<\/li>\n<li style=\"font-weight: 400;\">Kat\u0131 At\u0131klar\u0131n Kontrol\u00fc Y\u00f6netmeli\u011fi<\/li>\n<li style=\"font-weight: 400;\">T\u0131bbi At\u0131klar\u0131n Kontrol\u00fc Y\u00f6netmeli\u011fi<\/li>\n<li style=\"font-weight: 400;\">Tehlikeli At\u0131klar\u0131n Kontrol\u00fc Y\u00f6netmeli\u011fi<\/li>\n<li style=\"font-weight: 400;\">Tehlikeli Kimyasallar\u0131n Kontrol\u00fc Y\u00f6netmeli\u011fi<\/li>\n<li style=\"font-weight: 400;\">Toprak Kirlili\u011fi Kontrol Y\u00f6netmeli\u011fi<\/li>\n<li style=\"font-weight: 400;\">\u00c7evresel Etki De\u011ferlendirmesi Y\u00f6netmeli\u011fi<\/li>\n<li style=\"font-weight: 400;\">\u00c7evre Denetimi\u00a0 Y\u00f6netmeli\u011fi<\/li>\n<li style=\"font-weight: 400;\">Ozon Tabakas\u0131n\u0131 \u0130ncelten Maddelerin Azalt\u0131lmas\u0131na Dair Y\u00f6netmelik<\/li>\n<li style=\"font-weight: 400;\">\u00d6zel \u0130\u015flem Gerektirmeyen Radyoaktif At\u0131klara \u0130li\u015fkin Y\u00f6netmelik<\/li>\n<li style=\"font-weight: 400;\">At\u0131k Ya\u011flar\u0131n Kontrol\u00fc Y\u00f6netmeli\u011fi<\/li>\n<li style=\"font-weight: 400;\">Benzin ve Motorin Kalitesi Y\u00f6netmeli\u011fi<\/li>\n<li style=\"font-weight: 400;\">Ambalaj ve Ambalaj At\u0131klar\u0131n\u0131n Kontrol\u00fc Y\u00f6netmeli\u011fi<\/li>\n<li style=\"font-weight: 400;\">At\u0131k Pil ve Ak\u00fcm\u00fclat\u00f6rlerin Kontrol\u00fc Y\u00f6netmeli\u011fi<\/li>\n<li style=\"font-weight: 400;\">Gemilerden At\u0131k Al\u0131nmas\u0131 ve At\u0131klar\u0131n Kontrol\u00fc Y\u00f6netmeli\u011fi<\/li>\n<li style=\"font-weight: 400;\">Tehlikeli Maddelerin Su ve \u00c7evresinde Neden Oldu\u011fu Kirlili\u011fin Kontrol\u00fc Y\u00f6netmeli\u011fi<\/li>\n<li style=\"font-weight: 400;\">Trafikte Seyreden Motorlu Kara Ta\u015f\u0131tlar\u0131ndan Kaynaklanan Egzoz Gaz\u0131 Emisyonlar\u0131n\u0131n Kontrol\u00fcne Dair Y\u00f6netmelik<\/li>\n<li style=\"font-weight: 400;\">Kentsel At\u0131ksu Ar\u0131t\u0131m Y\u00f6netmeli\u011fi<\/li>\n<li style=\"font-weight: 400;\">\u00c7evrenin Korunmas\u0131 Y\u00f6n\u00fcnden Kontrol Alt\u0131nda Tutulan Kimyasallara \u0130li\u015fkin Tebli\u011f<\/li>\n<li style=\"font-weight: 400;\">\u00c7evrenin Korunmas\u0131 Y\u00f6n\u00fcnden Kontrol Alt\u0131nda Tutulan Yak\u0131tlara \u0130li\u015fkin Tebli\u011f<\/li>\n<li style=\"font-weight: 400;\">\u00c7evrenin Korunmas\u0131 Y\u00f6n\u00fcnden Kontrol Alt\u0131nda Tutulan At\u0131klara \u0130li\u015fkin Tebli\u011f\u2026\u2026<\/li>\n<\/ul>\n<p style=\"font-weight: 400;\"><strong>\u00a0<\/strong><\/p>\n<p style=\"font-weight: 400;\"><strong>\u0130\u015f Sa\u011fl\u0131\u011f\u0131 ve \u0130\u015f G\u00fcvenli\u011fi Alan\u0131nda;<\/strong><\/p>\n<ul>\n<li style=\"font-weight: 400;\">Gayri S\u0131hhi M\u00fcesseseler Y\u00f6netmeli\u011fi<\/li>\n<li style=\"font-weight: 400;\">Ki\u015fisel koruyucu donan\u0131mlar\u0131n i\u015f yerlerinde kullan\u0131lmas\u0131 hakk\u0131nda y\u00f6netmelik<\/li>\n<li style=\"font-weight: 400;\">\u0130\u015f sa\u011fl\u0131\u011f\u0131 ve g\u00fcvenli\u011fi y\u00f6netmeli\u011fi<\/li>\n<li style=\"font-weight: 400;\">\u0130\u015f sa\u011fl\u0131\u011f\u0131 ve g\u00fcvenli\u011fi kurullar\u0131 hakk\u0131nda y\u00f6netmelik<\/li>\n<li style=\"font-weight: 400;\">\u0130\u015f yeri bina ve eklentilerinde al\u0131nacak sa\u011fl\u0131k ve g\u00fcvenlik \u00f6nlemlerine ili\u015fkin y\u00f6netmelik<\/li>\n<li style=\"font-weight: 400;\">G\u00fcvenlik ve sa\u011fl\u0131k i\u015faretleri y\u00f6netmeli\u011fi<\/li>\n<li style=\"font-weight: 400;\">Tehlikeli maddelerin kara yolu ile ta\u015f\u0131nmas\u0131 hakk\u0131nda y\u00f6netmelik<\/li>\n<li style=\"font-weight: 400;\">Binalar\u0131n yang\u0131ndan korunmas\u0131 hakk\u0131nda y\u00f6netmelik<\/li>\n<li style=\"font-weight: 400;\">Titre\u015fimY\u00f6netmeli\u011fi<\/li>\n<li style=\"font-weight: 400;\">A\u011f\u0131r ve Tehlikeli \u0130\u015fler Y\u00f6netmeli\u011fi<\/li>\n<li style=\"font-weight: 400;\">\u00c7al\u0131\u015fanlar\u0131n \u0130\u015f Sa\u011fl\u0131\u011f\u0131 ve G\u00fcvenli\u011fi E\u011fitimlerinin Usul ve Esaslar\u0131 Hakk\u0131nda Y\u00f6netmelik<\/li>\n<li style=\"font-weight: 400;\">Kimyasal Maddelerle \u00c7al\u0131\u015fmalarda Sa\u011fl\u0131k ve G\u00fcvenlik \u00d6nlemleri Hakk\u0131nda Y\u00f6netmelik<\/li>\n<li style=\"font-weight: 400;\">Patlay\u0131c\u0131 Ortamlar\u0131n Tehlikelerinden \u00c7al\u0131\u015fanlar\u0131n-Korunmas\u0131 Hakk\u0131nda Y\u00f6netmelik<\/li>\n<li style=\"font-weight: 400;\">\u0130\u015f Ekipmanlar\u0131n\u0131n Kullan\u0131m\u0131nda Sa\u011fl\u0131k ve G\u00fcvenlik \u015eartlar\u0131<\/li>\n<li style=\"font-weight: 400;\">Ki\u015fisel Koruyucu Donan\u0131m Y\u00f6netmeli\u011fi<\/li>\n<li style=\"font-weight: 400;\">Karayolu Ta\u015f\u0131ma Y\u00f6netmeli\u011fi<\/li>\n<li style=\"font-weight: 400;\">Parlay\u0131c\u0131 ,patlay\u0131c\u0131,tehlikeli ve zararl\u0131 maddelerle \u00e7al\u0131\u015fan i\u015fyerlerinde ve i\u015flerde al\u0131nacak tedbirler hakk\u0131nda t\u00fcz\u00fck<\/li>\n<li style=\"font-weight: 400;\">\u0130\u015f Sa\u011fl\u0131\u011f\u0131 ve G\u00fcvenli\u011fine \u0130li\u015fkin Risk Gruplar\u0131 Listesi Tebli\u011fi\u2026.<\/li>\n<\/ul>\n<ol>\n<li style=\"font-weight: 400;\">kanun,\u00a0 y\u00f6netmelik,\u00a0 t\u00fcz\u00fck ve kararnamelerle tebli\u011fler faaliyet alan\u0131m\u0131zda yer\u00a0 almaktad\u0131r.<\/li>\n<\/ol>\n","protected":false},"excerpt":{"rendered":"<p>Risk Y\u00f6netimi Nedir? Risk y\u00f6netimi \u015firketin varl\u0131klar\u0131n\u0131n, gelirleri ve prestijinin korunmas\u0131 y\u00f6n\u00fcnde yap\u0131lan y\u00f6netim \u00e7al\u0131\u015fmalar\u0131d\u0131r. Risk y\u00f6netimi program\u0131n\u0131n ba\u015far\u0131s\u0131 risklerin firmaya olan maliyetinin zaman i\u00e7inde g\u00f6sterdi\u011fi d\u00fc\u015f\u00fc\u015f olarak \u00f6l\u00e7\u00fclmektedir. Buna ula\u015fman\u0131n bir yolu, kontrol tedbirleri etkili oldu\u011fu s\u00fcrece, bu tedbirleri uygulamak suretiyle kay\u0131plar\u0131n b\u00fcy\u00fckl\u00fc\u011f\u00fcn\u00fc ve s\u0131kl\u0131\u011f\u0131n\u0131 azaltmakt\u0131r. Bu uygulaman\u0131n ard\u0131ndan kalan riskler belirlenip de\u011ferlendirilir. \u015eirket<\/p>\n","protected":false},"author":3,"featured_media":0,"parent":0,"menu_order":0,"comment_status":"closed","ping_status":"closed","template":"","meta":{"footnotes":""},"_links":{"self":[{"href":"http:\/\/informdanismanlik.com\/index.php?rest_route=\/wp\/v2\/pages\/2621"}],"collection":[{"href":"http:\/\/informdanismanlik.com\/index.php?rest_route=\/wp\/v2\/pages"}],"about":[{"href":"http:\/\/informdanismanlik.com\/index.php?rest_route=\/wp\/v2\/types\/page"}],"author":[{"embeddable":true,"href":"http:\/\/informdanismanlik.com\/index.php?rest_route=\/wp\/v2\/users\/3"}],"replies":[{"embeddable":true,"href":"http:\/\/informdanismanlik.com\/index.php?rest_route=%2Fwp%2Fv2%2Fcomments&post=2621"}],"version-history":[{"count":1,"href":"http:\/\/informdanismanlik.com\/index.php?rest_route=\/wp\/v2\/pages\/2621\/revisions"}],"predecessor-version":[{"id":2622,"href":"http:\/\/informdanismanlik.com\/index.php?rest_route=\/wp\/v2\/pages\/2621\/revisions\/2622"}],"wp:attachment":[{"href":"http:\/\/informdanismanlik.com\/index.php?rest_route=%2Fwp%2Fv2%2Fmedia&parent=2621"}],"curies":[{"name":"wp","href":"https:\/\/api.w.org\/{rel}","templated":true}]}}